{"id":345,"date":"2024-06-21T10:20:51","date_gmt":"2024-06-21T10:20:51","guid":{"rendered":"https:\/\/www.courvoisier.com\/?page_id=345"},"modified":"2025-10-23T21:03:43","modified_gmt":"2025-10-23T21:03:43","slug":"classique","status":"publish","type":"page","link":"https:\/\/www.courvoisier.com\/fr-ca\/cognac-cocktails\/classique\/","title":{"rendered":"Classic Cocktails"},"content":{"rendered":"","protected":false},"excerpt":{"rendered":"","protected":false},"author":10002,"featured_media":0,"parent":343,"menu_order":0,"comment_status":"closed","ping_status":"closed","template":"templates\/tpl-blocks.php","meta":{"_acf_changed":false,"footnotes":""},"class_list":["post-345","page","type-page","status-publish","hentry"],"acf":[],"yoast_head":"<!-- This site is optimized with the Yoast SEO plugin v26.9 - https:\/\/yoast.com\/product\/yoast-seo-wordpress\/ -->\n<title>Cocktails classiques \u00e0 base de Cognac | Courvoisier<\/title>\n<meta name=\"description\" content=\"D\u00e9couvrez une collection croissante de cocktails classiques \u00e0 base de cognac, dont le Sidecar, le French 75 et notre c\u00e9l\u00e8bre Courvoisier Old Fashioned.\" \/>\n<meta name=\"robots\" content=\"index, follow, max-snippet:-1, max-image-preview:large, max-video-preview:-1\" \/>\n<meta property=\"og:type\" content=\"article\" \/>\n<meta property=\"og:title\" content=\"Cocktails classiques \u00e0 base de Cognac | Courvoisier\" \/>\n<meta property=\"og:description\" content=\"D\u00e9couvrez une collection croissante de cocktails classiques \u00e0 base de cognac, dont le Sidecar, le French 75 et notre c\u00e9l\u00e8bre Courvoisier Old Fashioned.\" \/>\n<meta property=\"og:url\" content=\"https:\/\/www.courvoisier.com\/fr-ca\/cognac-cocktails\/classique\/\" \/>\n<meta property=\"og:site_name\" content=\"Courvoisier\" \/>\n<meta property=\"article:modified_time\" content=\"2025-10-23T21:03:43+00:00\" \/>\n<meta name=\"twitter:card\" content=\"summary_large_image\" \/>\n<!-- \/ Yoast SEO plugin. -->","yoast_head_json":{"title":"Cocktails classiques \u00e0 base de Cognac | Courvoisier","description":"D\u00e9couvrez une collection croissante de cocktails classiques \u00e0 base de cognac, dont le Sidecar, le French 75 et notre c\u00e9l\u00e8bre Courvoisier Old Fashioned.","robots":{"index":"index","follow":"follow","max-snippet":"max-snippet:-1","max-image-preview":"max-image-preview:large","max-video-preview":"max-video-preview:-1"},"og_type":"article","og_title":"Cocktails classiques \u00e0 base de Cognac | Courvoisier","og_description":"D\u00e9couvrez une collection croissante de cocktails classiques \u00e0 base de cognac, dont le Sidecar, le French 75 et notre c\u00e9l\u00e8bre Courvoisier Old Fashioned.","og_url":"https:\/\/www.courvoisier.com\/fr-ca\/cognac-cocktails\/classique\/","og_site_name":"Courvoisier","article_modified_time":"2025-10-23T21:03:43+00:00","twitter_card":"summary_large_image","schema":{"@context":"https:\/\/schema.org","@graph":[{"@type":"WebPage","@id":"https:\/\/www.courvoisier.com\/fr-ca\/cognac-cocktails\/classique\/","url":"https:\/\/www.courvoisier.com\/fr-ca\/cognac-cocktails\/classique\/","name":"Cocktails classiques \u00e0 base de Cognac | Courvoisier","isPartOf":{"@id":"https:\/\/www.courvoisier.com\/fr-ca\/#website"},"datePublished":"2024-06-21T10:20:51+00:00","dateModified":"2025-10-23T21:03:43+00:00","description":"D\u00e9couvrez une collection croissante de cocktails classiques \u00e0 base de cognac, dont le Sidecar, le French 75 et notre c\u00e9l\u00e8bre Courvoisier Old Fashioned.","breadcrumb":{"@id":"https:\/\/www.courvoisier.com\/fr-ca\/cognac-cocktails\/classique\/#breadcrumb"},"inLanguage":"fr-CA","potentialAction":[{"@type":"ReadAction","target":["https:\/\/www.courvoisier.com\/fr-ca\/cognac-cocktails\/classique\/"]}]},{"@type":"BreadcrumbList","@id":"https:\/\/www.courvoisier.com\/fr-ca\/cognac-cocktails\/classique\/#breadcrumb","itemListElement":[{"@type":"ListItem","position":1,"name":"Home","item":"https:\/\/www.courvoisier.com\/fr-ca\/"},{"@type":"ListItem","position":2,"name":"Recettes","item":"https:\/\/www.courvoisier.com\/fr-ca\/cognac-cocktails\/"},{"@type":"ListItem","position":3,"name":"Classic Cocktails"}]},{"@type":"WebSite","@id":"https:\/\/www.courvoisier.com\/fr-ca\/#website","url":"https:\/\/www.courvoisier.com\/fr-ca\/","name":"Courvoisier","description":"","potentialAction":[{"@type":"SearchAction","target":{"@type":"EntryPoint","urlTemplate":"https:\/\/www.courvoisier.com\/fr-ca\/?s={search_term_string}"},"query-input":{"@type":"PropertyValueSpecification","valueRequired":true,"valueName":"search_term_string"}}],"inLanguage":"fr-CA"}]}},"_links":{"self":[{"href":"https:\/\/www.courvoisier.com\/fr-ca\/wp-json\/wp\/v2\/pages\/345","targetHints":{"allow":["GET"]}}],"collection":[{"href":"https:\/\/www.courvoisier.com\/fr-ca\/wp-json\/wp\/v2\/pages"}],"about":[{"href":"https:\/\/www.courvoisier.com\/fr-ca\/wp-json\/wp\/v2\/types\/page"}],"author":[{"embeddable":true,"href":"https:\/\/www.courvoisier.com\/fr-ca\/wp-json\/wp\/v2\/users\/10002"}],"replies":[{"embeddable":true,"href":"https:\/\/www.courvoisier.com\/fr-ca\/wp-json\/wp\/v2\/comments?post=345"}],"version-history":[{"count":13,"href":"https:\/\/www.courvoisier.com\/fr-ca\/wp-json\/wp\/v2\/pages\/345\/revisions"}],"predecessor-version":[{"id":1614,"href":"https:\/\/www.courvoisier.com\/fr-ca\/wp-json\/wp\/v2\/pages\/345\/revisions\/1614"}],"up":[{"embeddable":true,"href":"https:\/\/www.courvoisier.com\/fr-ca\/wp-json\/wp\/v2\/pages\/343"}],"wp:attachment":[{"href":"https:\/\/www.courvoisier.com\/fr-ca\/wp-json\/wp\/v2\/media?parent=345"}],"curies":[{"name":"wp","href":"https:\/\/api.w.org\/{rel}","templated":true}]}}